{"id":1116,"date":"2022-04-29T04:28:13","date_gmt":"2022-04-29T04:28:13","guid":{"rendered":"https:\/\/livyjewelry.com\/?page_id=1116"},"modified":"2023-11-29T23:56:06","modified_gmt":"2023-11-29T23:56:06","slug":"about","status":"publish","type":"page","link":"https:\/\/livyjewelry.com\/?page_id=1116","title":{"rendered":"Livy Jewelry"},"content":{"rendered":"<div class=\"wp-block-uagb-container uagb-block-ec57ae33 alignfull uagb-is-root-container\"><\/div><div class=\"wp-block-uagb-container uagb-block-03926366 alignfull uagb-is-root-container\"><div class=\"uagb-container-inner-blocks-wrap\"><div class=\"wp-block-uagb-image aligncenter uagb-block-41f7a109 wp-block-uagb-image--layout-default wp-block-uagb-image--effect-static wp-block-uagb-image--align-center\"><figure class=\"wp-block-uagb-image__figure\"><img decoding=\"async\" srcset=\"https:\/\/livyjewelry.com\/wp-content\/uploads\/2023\/08\/IMG_8301-584x1024.jpg ,https:\/\/livyjewelry.com\/wp-content\/uploads\/2023\/08\/IMG_8301-scaled.jpg 780w, https:\/\/livyjewelry.com\/wp-content\/uploads\/2023\/08\/IMG_8301-scaled.jpg 360w\" sizes=\"auto, (max-width: 480px) 150px\" src=\"https:\/\/livyjewelry.com\/wp-content\/uploads\/2023\/08\/IMG_8301-584x1024.jpg\" alt=\"\" class=\"uag-image-1946\" width=\"584\" height=\"1024\" title=\"\" loading=\"lazy\"\/><\/figure><\/div>\n\n<div class=\"wp-block-uagb-container uagb-block-4596b95e\"><div class=\"wp-block-uagb-info-box uagb-block-02d384db uagb-infobox__content-wrap  uagb-infobox-icon-above-title uagb-infobox-image-valign-top\"><div class=\"uagb-ifb-content\"><div class=\"uagb-ifb-image-content\"><img decoding=\"async\" src=\"https:\/\/livyjewelry.com\/wp-content\/uploads\/2023\/08\/cropped-cropped-Logo-01-300x198.png\" alt=\"\" width=\"378\" height=\"249\" loading=\"lazy\"\/><\/div><div class=\"uagb-ifb-title-wrap\"><span class=\"uagb-ifb-title-prefix\"><br>Con presencia en el mercado de joyer\u00eda desde el a\u00f1o 2020.&nbsp;<br>Nuestros productos llegan al comercio electr\u00f3nico con la finalidad de ofrecerle al mercado una l\u00ednea de joyer\u00eda para todos los gustos y con la mejor calidad.<br><br><\/span><\/div><div class=\"uagb-ifb-separator\"><\/div><\/div><\/div>\n\n<div class=\"wp-block-uagb-image uagb-block-7202df81 wp-block-uagb-image--layout-default wp-block-uagb-image--effect-static wp-block-uagb-image--align-none\"><figure class=\"wp-block-uagb-image__figure\"><img decoding=\"async\" srcset=\"https:\/\/livyjewelry.com\/wp-content\/uploads\/2023\/11\/Fondo-livy-marca-de-agua-01-300x300.jpg ,https:\/\/livyjewelry.com\/wp-content\/uploads\/2023\/11\/Fondo-livy-marca-de-agua-01.jpg 780w, https:\/\/livyjewelry.com\/wp-content\/uploads\/2023\/11\/Fondo-livy-marca-de-agua-01.jpg 360w\" sizes=\"auto, (max-width: 480px) 150px\" src=\"https:\/\/livyjewelry.com\/wp-content\/uploads\/2023\/11\/Fondo-livy-marca-de-agua-01-300x300.jpg\" alt=\"\" class=\"uag-image-2518\" width=\"300\" height=\"300\" title=\"\" loading=\"lazy\"\/><\/figure><\/div><\/div><\/div><\/div><div data-aos= \"fade\" data-aos-duration=\"400\" data-aos-delay=\"0\" data-aos-easing=\"ease\" data-aos-once=\"true\" class=\"wp-block-uagb-container uagb-block-6b968533 alignfull uagb-is-root-container\"><div class=\"uagb-container-inner-blocks-wrap\"><div class=\"wp-block-uagb-container uagb-block-c6ba3fc6\"><div class=\"wp-block-uagb-container uagb-block-24f66e74\"><div class=\"wp-block-uagb-info-box uagb-block-ef4ac097 uagb-infobox__content-wrap  uagb-infobox-icon-above-title uagb-infobox-image-valign-top\"><div class=\"uagb-ifb-content\"><div class=\"uagb-ifb-image-content\"><img decoding=\"async\" src=\"https:\/\/livyjewelry.com\/wp-content\/uploads\/2023\/10\/vinicius-wiesehofer-UOavP_Z38lE-unsplash-295x300.jpg\" alt=\"\" width=\"421\" height=\"428\" loading=\"lazy\"\/><\/div><div class=\"uagb-ifb-title-wrap\"><h5 class=\"uagb-ifb-title\"><strong>Misi\u00f3n<\/strong><\/h5><\/div><div class=\"uagb-ifb-separator\"><\/div><p class=\"uagb-ifb-desc\">En LIVY buscamos la satisfacci\u00f3n total de nuestros clientes, a trav\u00e9s de productos de primera calidad a precios razonables.<\/p><\/div><\/div>\n\n<div class=\"wp-block-uagb-info-box uagb-block-84665ea4 uagb-infobox__content-wrap  uagb-infobox-icon-above-title uagb-infobox-image-valign-top\"><div class=\"uagb-ifb-content\"><div class=\"uagb-ifb-image-content\"><img decoding=\"async\" src=\"https:\/\/livyjewelry.com\/wp-content\/uploads\/2023\/10\/gabrielle-henderson-OmVR-cPF0Nw-unsplash-280x300.jpg\" alt=\"\" width=\"402\" height=\"430\" loading=\"lazy\"\/><\/div><div class=\"uagb-ifb-title-wrap\"><h5 class=\"uagb-ifb-title\"><strong>Visi\u00f3n<\/strong><\/h5><\/div><div class=\"uagb-ifb-separator\"><\/div><p class=\"uagb-ifb-desc\">Deseamos que nuestras piezas luzcan en t\u00ed maravillosas y te acompa\u00f1en en los mejores momentos de tu vida.<\/p><\/div><\/div><\/div><\/div><\/div><\/div><section class=\"wp-block-uagb-columns uagb-columns__wrap uagb-columns__background-color uagb-columns__stack-mobile uagb-columns__valign- uagb-columns__gap-10 align uagb-block-0384854e uagb-columns__columns-4 uagb-columns__max_width-theme\"><div class=\"uagb-columns__overlay\"><\/div><div class=\"uagb-columns__inner-wrap uagb-columns__columns-4\"><div class=\"wp-block-uagb-column uagb-column__wrap uagb-column__background-color uagb-block-b596ccaa\"><div class=\"uagb-column__overlay\"><\/div><div class=\"wp-block-uagb-image aligncenter uagb-block-2ebd0abc wp-block-uagb-image--layout-default wp-block-uagb-image--effect-static wp-block-uagb-image--align-center\"><figure class=\"wp-block-uagb-image__figure\"><img decoding=\"async\" srcset=\"https:\/\/livyjewelry.com\/wp-content\/uploads\/2023\/11\/Livy-Iconos-02-150x150.jpg ,https:\/\/livyjewelry.com\/wp-content\/uploads\/2023\/11\/Livy-Iconos-02.jpg 780w, https:\/\/livyjewelry.com\/wp-content\/uploads\/2023\/11\/Livy-Iconos-02.jpg 360w\" sizes=\"auto, (max-width: 480px) 150px\" src=\"https:\/\/livyjewelry.com\/wp-content\/uploads\/2023\/11\/Livy-Iconos-02-150x150.jpg\" alt=\"\" class=\"uag-image-2578\" width=\"150\" height=\"150\" title=\"\" loading=\"lazy\"\/><figcaption class=\"uagb-image-caption\">Producto 100% Garantizado<\/figcaption><\/figure><\/div><\/div>\n\n<div class=\"wp-block-uagb-column uagb-column__wrap uagb-column__background-undefined uagb-block-eebf29c5\"><div class=\"uagb-column__overlay\"><\/div><div class=\"wp-block-uagb-image aligncenter uagb-block-d3f7948d wp-block-uagb-image--layout-default wp-block-uagb-image--effect-static wp-block-uagb-image--align-center\"><figure class=\"wp-block-uagb-image__figure\"><img decoding=\"async\" srcset=\"https:\/\/livyjewelry.com\/wp-content\/uploads\/2023\/11\/Livy-Iconos-03-150x150.jpg ,https:\/\/livyjewelry.com\/wp-content\/uploads\/2023\/11\/Livy-Iconos-03.jpg 780w, https:\/\/livyjewelry.com\/wp-content\/uploads\/2023\/11\/Livy-Iconos-03.jpg 360w\" sizes=\"auto, (max-width: 480px) 150px\" src=\"https:\/\/livyjewelry.com\/wp-content\/uploads\/2023\/11\/Livy-Iconos-03-150x150.jpg\" alt=\"\" class=\"uag-image-2579\" width=\"150\" height=\"150\" title=\"\" loading=\"lazy\"\/><figcaption class=\"uagb-image-caption\">Materiales de la m\u00e1s alta calidad<\/figcaption><\/figure><\/div><\/div>\n\n<div class=\"wp-block-uagb-column uagb-column__wrap uagb-column__background-undefined uagb-block-e3975ed4\"><div class=\"uagb-column__overlay\"><\/div><div class=\"wp-block-uagb-image aligncenter uagb-block-db766f59 wp-block-uagb-image--layout-default wp-block-uagb-image--effect-static wp-block-uagb-image--align-center\"><figure class=\"wp-block-uagb-image__figure\"><img decoding=\"async\" srcset=\"https:\/\/livyjewelry.com\/wp-content\/uploads\/2023\/11\/Livy-Iconos-06-150x150.jpg ,https:\/\/livyjewelry.com\/wp-content\/uploads\/2023\/11\/Livy-Iconos-06.jpg 780w, https:\/\/livyjewelry.com\/wp-content\/uploads\/2023\/11\/Livy-Iconos-06.jpg 360w\" sizes=\"auto, (max-width: 480px) 150px\" src=\"https:\/\/livyjewelry.com\/wp-content\/uploads\/2023\/11\/Livy-Iconos-06-150x150.jpg\" alt=\"\" class=\"uag-image-2582\" width=\"150\" height=\"150\" title=\"\" loading=\"lazy\"\/><figcaption class=\"uagb-image-caption\">Joyer\u00eda Hipoalerg\u00e9nica<\/figcaption><\/figure><\/div><\/div>\n\n<div class=\"wp-block-uagb-column uagb-column__wrap uagb-column__background-undefined uagb-block-b654f5a7\"><div class=\"uagb-column__overlay\"><\/div><div class=\"wp-block-uagb-image aligncenter uagb-block-a9c8552b wp-block-uagb-image--layout-default wp-block-uagb-image--effect-static wp-block-uagb-image--align-center\"><figure class=\"wp-block-uagb-image__figure\"><img decoding=\"async\" srcset=\"https:\/\/livyjewelry.com\/wp-content\/uploads\/2023\/11\/Livy-Iconos-05-150x150.jpg ,https:\/\/livyjewelry.com\/wp-content\/uploads\/2023\/11\/Livy-Iconos-05.jpg 780w, https:\/\/livyjewelry.com\/wp-content\/uploads\/2023\/11\/Livy-Iconos-05.jpg 360w\" sizes=\"auto, (max-width: 480px) 150px\" src=\"https:\/\/livyjewelry.com\/wp-content\/uploads\/2023\/11\/Livy-Iconos-05-150x150.jpg\" alt=\"\" class=\"uag-image-2581\" width=\"150\" height=\"150\" title=\"\" loading=\"lazy\"\/><figcaption class=\"uagb-image-caption\">Chapa de Oro de 18 K<\/figcaption><\/figure><\/div><\/div><\/div><\/section><section class=\"wp-block-uagb-columns uagb-columns__wrap uagb-columns__background-none uagb-columns__stack-mobile uagb-columns__valign- uagb-columns__gap-10 align uagb-block-f21e4482 uagb-columns__columns-3 uagb-columns__max_width-theme\"><div class=\"uagb-columns__overlay\"><\/div><div class=\"uagb-columns__inner-wrap uagb-columns__columns-3\"><div class=\"wp-block-uagb-column uagb-column__wrap uagb-column__background-undefined uagb-block-6c422684\"><div class=\"uagb-column__overlay\"><\/div><div class=\"wp-block-uagb-image aligncenter uagb-block-b3d9499f wp-block-uagb-image--layout-default wp-block-uagb-image--effect-static wp-block-uagb-image--align-center\"><figure class=\"wp-block-uagb-image__figure\"><img decoding=\"async\" srcset=\"https:\/\/livyjewelry.com\/wp-content\/uploads\/2023\/11\/Livy-Iconos-04-150x150.jpg ,https:\/\/livyjewelry.com\/wp-content\/uploads\/2023\/11\/Livy-Iconos-04.jpg 780w, https:\/\/livyjewelry.com\/wp-content\/uploads\/2023\/11\/Livy-Iconos-04.jpg 360w\" sizes=\"auto, (max-width: 480px) 150px\" src=\"https:\/\/livyjewelry.com\/wp-content\/uploads\/2023\/11\/Livy-Iconos-04-150x150.jpg\" alt=\"\" class=\"uag-image-2580\" width=\"150\" height=\"150\" title=\"\" loading=\"lazy\"\/><figcaption class=\"uagb-image-caption\">Waterproof<\/figcaption><\/figure><\/div><\/div>\n\n<div class=\"wp-block-uagb-column uagb-column__wrap uagb-column__background-undefined uagb-block-5a21b856\"><div class=\"uagb-column__overlay\"><\/div><div class=\"wp-block-uagb-image aligncenter uagb-block-5e7aad35 wp-block-uagb-image--layout-default wp-block-uagb-image--effect-static wp-block-uagb-image--align-center\"><figure class=\"wp-block-uagb-image__figure\"><img decoding=\"async\" srcset=\"https:\/\/livyjewelry.com\/wp-content\/uploads\/2023\/11\/Livy-Iconos-08-150x150.jpg ,https:\/\/livyjewelry.com\/wp-content\/uploads\/2023\/11\/Livy-Iconos-08.jpg 780w, https:\/\/livyjewelry.com\/wp-content\/uploads\/2023\/11\/Livy-Iconos-08.jpg 360w\" sizes=\"auto, (max-width: 480px) 150px\" src=\"https:\/\/livyjewelry.com\/wp-content\/uploads\/2023\/11\/Livy-Iconos-08-150x150.jpg\" alt=\"\" class=\"uag-image-2584\" width=\"150\" height=\"150\" title=\"\" loading=\"lazy\"\/><figcaption class=\"uagb-image-caption\">Promociones todo el a\u00f1o<\/figcaption><\/figure><\/div><\/div>\n\n<div class=\"wp-block-uagb-column uagb-column__wrap uagb-column__background-undefined uagb-block-9338674f\"><div class=\"uagb-column__overlay\"><\/div><div class=\"wp-block-uagb-image aligncenter uagb-block-f1d2f515 wp-block-uagb-image--layout-default wp-block-uagb-image--effect-static wp-block-uagb-image--align-center\"><figure class=\"wp-block-uagb-image__figure\"><img decoding=\"async\" srcset=\"https:\/\/livyjewelry.com\/wp-content\/uploads\/2023\/11\/Livy-Iconos-07-150x150.jpg ,https:\/\/livyjewelry.com\/wp-content\/uploads\/2023\/11\/Livy-Iconos-07.jpg 780w, https:\/\/livyjewelry.com\/wp-content\/uploads\/2023\/11\/Livy-Iconos-07.jpg 360w\" sizes=\"auto, (max-width: 480px) 150px\" src=\"https:\/\/livyjewelry.com\/wp-content\/uploads\/2023\/11\/Livy-Iconos-07-150x150.jpg\" alt=\"\" class=\"uag-image-2583\" width=\"150\" height=\"150\" title=\"\" loading=\"lazy\"\/><figcaption class=\"uagb-image-caption\">Envios de 1 a 3 d\u00edas<\/figcaption><\/figure><\/div><\/div><\/div><\/section>","protected":false},"excerpt":{"rendered":"","protected":false},"author":1,"featured_media":0,"parent":0,"menu_order":0,"comment_status":"closed","ping_status":"closed","template":"","meta":{"_uag_custom_page_level_css":"","site-sidebar-layout":"no-sidebar","site-content-layout":"page-builder","ast-site-content-layout":"","site-content-style":"default","site-sidebar-style":"default","ast-global-header-display":"","ast-banner-title-visibility":"","ast-main-header-display":"","ast-hfb-above-header-display":"","ast-hfb-below-header-display":"","ast-hfb-mobile-header-display":"","site-post-title":"disabled","ast-breadcrumbs-content":"disabled","ast-featured-img":"disabled","footer-sml-layout":"","theme-transparent-header-meta":"enabled","adv-header-id-meta":"","stick-header-meta":"","header-above-stick-meta":"","header-main-stick-meta":"","header-below-stick-meta":"","astra-migrate-meta-layouts":"default","ast-page-background-enabled":"default","ast-page-background-meta":{"desktop":{"background-color":"var(--ast-global-color-4)","background-image":"","background-repeat":"repeat","background-position":"center center","background-size":"auto","background-attachment":"scroll","background-type":"","background-media":"","overlay-type":"","overlay-color":"","overlay-opacity":"","overlay-gradient":""},"tablet":{"background-color":"","background-image":"","background-repeat":"repeat","background-position":"center center","background-size":"auto","background-attachment":"scroll","background-type":"","background-media":"","overlay-type":"","overlay-color":"","overlay-opacity":"","overlay-gradient":""},"mobile":{"background-color":"","background-image":"","background-repeat":"repeat","background-position":"center center","background-size":"auto","background-attachment":"scroll","background-type":"","background-media":"","overlay-type":"","overlay-color":"","overlay-opacity":"","overlay-gradient":""}},"ast-content-background-meta":{"desktop":{"background-color":"var(--ast-global-color-5)","background-image":"","background-repeat":"repeat","background-position":"center center","background-size":"auto","background-attachment":"scroll","background-type":"","background-media":"","overlay-type":"","overlay-color":"","overlay-opacity":"","overlay-gradient":""},"tablet":{"background-color":"var(--ast-global-color-5)","background-image":"","background-repeat":"repeat","background-position":"center center","background-size":"auto","background-attachment":"scroll","background-type":"","background-media":"","overlay-type":"","overlay-color":"","overlay-opacity":"","overlay-gradient":""},"mobile":{"background-color":"var(--ast-global-color-5)","background-image":"","background-repeat":"repeat","background-position":"center center","background-size":"auto","background-attachment":"scroll","background-type":"","background-media":"","overlay-type":"","overlay-color":"","overlay-opacity":"","overlay-gradient":""}},"footnotes":""},"class_list":["post-1116","page","type-page","status-publish","hentry"],"aioseo_notices":[],"uagb_featured_image_src":{"full":false,"thumbnail":false,"medium":false,"medium_large":false,"large":false,"1536x1536":false,"2048x2048":false,"mailpoet_newsletter_max":false,"woocommerce_thumbnail":false,"woocommerce_single":false,"woocommerce_gallery_thumbnail":false},"uagb_author_info":{"display_name":"admin","author_link":"https:\/\/livyjewelry.com\/?author=1"},"uagb_comment_info":0,"uagb_excerpt":null,"jetpack_sharing_enabled":true,"_links":{"self":[{"href":"https:\/\/livyjewelry.com\/index.php?rest_route=\/wp\/v2\/pages\/1116","targetHints":{"allow":["GET"]}}],"collection":[{"href":"https:\/\/livyjewelry.com\/index.php?rest_route=\/wp\/v2\/pages"}],"about":[{"href":"https:\/\/livyjewelry.com\/index.php?rest_route=\/wp\/v2\/types\/page"}],"author":[{"embeddable":true,"href":"https:\/\/livyjewelry.com\/index.php?rest_route=\/wp\/v2\/users\/1"}],"replies":[{"embeddable":true,"href":"https:\/\/livyjewelry.com\/index.php?rest_route=%2Fwp%2Fv2%2Fcomments&post=1116"}],"version-history":[{"count":80,"href":"https:\/\/livyjewelry.com\/index.php?rest_route=\/wp\/v2\/pages\/1116\/revisions"}],"predecessor-version":[{"id":2637,"href":"https:\/\/livyjewelry.com\/index.php?rest_route=\/wp\/v2\/pages\/1116\/revisions\/2637"}],"wp:attachment":[{"href":"https:\/\/livyjewelry.com\/index.php?rest_route=%2Fwp%2Fv2%2Fmedia&parent=1116"}],"curies":[{"name":"wp","href":"https:\/\/api.w.org\/{rel}","templated":true}]}}